{"id":1090,"date":"2020-12-02T20:10:28","date_gmt":"2020-12-02T20:10:28","guid":{"rendered":"https:\/\/startertemplatecloud.com\/g02\/?page_id=1090"},"modified":"2026-01-21T12:40:24","modified_gmt":"2026-01-21T11:40:24","slug":"o-nas","status":"publish","type":"page","link":"https:\/\/arsago.pl\/en\/o-nas\/","title":{"rendered":"o nas"},"content":{"rendered":"<style>.kadence-column1090_be300c-7d > .kt-inside-inner-col{display:flex;}.kadence-column1090_be300c-7d > .kt-inside-inner-col,.kadence-column1090_be300c-7d > .kt-inside-inner-col:before{border-top-left-radius:0px;border-top-right-radius:0px;border-bottom-right-radius:0px;border-bottom-left-radius:0px;}.kadence-column1090_be300c-7d > .kt-inside-inner-col{column-gap:var(--global-kb-gap-sm, 1rem);}.kadence-column1090_be300c-7d > .kt-inside-inner-col{flex-direction:column;align-items:center;}.kadence-column1090_be300c-7d > .kt-inside-inner-col > .kb-image-is-ratio-size{align-self:stretch;}.kadence-column1090_be300c-7d > .kt-inside-inner-col > .wp-block-kadence-advancedgallery{align-self:stretch;}.kadence-column1090_be300c-7d > .kt-inside-inner-col > .aligncenter{width:100%;}.kadence-column1090_be300c-7d > .kt-inside-inner-col:before{opacity:0.3;}.kadence-column1090_be300c-7d{position:relative;}.kadence-column1090_be300c-7d, .kt-inside-inner-col > .kadence-column1090_be300c-7d:not(.specificity){margin-bottom:var(--global-kb-spacing-sm, 1.5rem);}@media all and (max-width: 1024px){.kadence-column1090_be300c-7d > .kt-inside-inner-col{flex-direction:column;justify-content:center;align-items:center;}}@media all and (max-width: 767px){.kadence-column1090_be300c-7d > .kt-inside-inner-col{flex-direction:column;justify-content:center;align-items:center;}}<\/style>\n<div class=\"wp-block-kadence-column kadence-column1090_be300c-7d\"><div class=\"kt-inside-inner-col\">\n<figure class=\"wp-block-image size-large is-resized\"><img loading=\"lazy\" decoding=\"async\" width=\"1024\" height=\"303\" src=\"http:\/\/arsago.pl\/wp-content\/uploads\/2026\/01\/AG_header_onas_1150x340-1024x303.webp\" alt=\"\" class=\"wp-image-2042\" style=\"width:1240px\" srcset=\"https:\/\/arsago.pl\/wp-content\/uploads\/2026\/01\/AG_header_onas_1150x340-1024x303.webp 1024w, https:\/\/arsago.pl\/wp-content\/uploads\/2026\/01\/AG_header_onas_1150x340-800x237.webp 800w, https:\/\/arsago.pl\/wp-content\/uploads\/2026\/01\/AG_header_onas_1150x340-700x207.webp 700w, https:\/\/arsago.pl\/wp-content\/uploads\/2026\/01\/AG_header_onas_1150x340-300x89.webp 300w, https:\/\/arsago.pl\/wp-content\/uploads\/2026\/01\/AG_header_onas_1150x340-768x227.webp 768w, https:\/\/arsago.pl\/wp-content\/uploads\/2026\/01\/AG_header_onas_1150x340-18x5.webp 18w, https:\/\/arsago.pl\/wp-content\/uploads\/2026\/01\/AG_header_onas_1150x340.webp 1150w\" sizes=\"auto, (max-width: 1024px) 100vw, 1024px\" \/><\/figure>\n<\/div><\/div>\n\n\n<style>.kadence-column1090_a7e25f-5d > .kt-inside-inner-col{display:flex;}.kadence-column1090_a7e25f-5d{max-width:1240px;margin-left:auto;margin-right:auto;}.wp-block-kadence-column.kb-section-dir-horizontal:not(.kb-section-md-dir-vertical)>.kt-inside-inner-col>.kadence-column1090_a7e25f-5d{-webkit-flex:0 1 1240px;flex:0 1 1240px;max-width:unset;margin-left:unset;margin-right:unset;}.kadence-column1090_a7e25f-5d > .kt-inside-inner-col,.kadence-column1090_a7e25f-5d > .kt-inside-inner-col:before{border-top-left-radius:0px;border-top-right-radius:0px;border-bottom-right-radius:0px;border-bottom-left-radius:0px;}.kadence-column1090_a7e25f-5d > .kt-inside-inner-col{column-gap:var(--global-kb-gap-sm, 1rem);}.kadence-column1090_a7e25f-5d > .kt-inside-inner-col{flex-direction:column;align-items:stretch;}.kadence-column1090_a7e25f-5d > .kt-inside-inner-col > .kb-image-is-ratio-size{align-self:stretch;}.kadence-column1090_a7e25f-5d > .kt-inside-inner-col > .wp-block-kadence-advancedgallery{align-self:stretch;}.kadence-column1090_a7e25f-5d > .kt-inside-inner-col > .aligncenter{width:100%;}.kadence-column1090_a7e25f-5d > .kt-inside-inner-col:before{opacity:0.3;}.kadence-column1090_a7e25f-5d{text-align:center;}.kadence-column1090_a7e25f-5d{position:relative;}@media all and (min-width: 1025px){.wp-block-kadence-column.kb-section-dir-horizontal>.kt-inside-inner-col>.kadence-column1090_a7e25f-5d{-webkit-flex:0 1 1240px;flex:0 1 1240px;max-width:unset;margin-left:unset;margin-right:unset;}}@media all and (max-width: 1024px){.kadence-column1090_a7e25f-5d > .kt-inside-inner-col{flex-direction:column;justify-content:center;align-items:stretch;}}@media all and (max-width: 767px){.wp-block-kadence-column.kb-section-sm-dir-vertical:not(.kb-section-sm-dir-horizontal):not(.kb-section-sm-dir-specificity)>.kt-inside-inner-col>.kadence-column1090_a7e25f-5d{max-width:1240px;-webkit-flex:1;flex:1;margin-left:auto;margin-right:auto;}.kadence-column1090_a7e25f-5d > .kt-inside-inner-col{flex-direction:column;justify-content:center;align-items:stretch;}}<\/style>\n<div class=\"wp-block-kadence-column kadence-column1090_a7e25f-5d\"><div class=\"kt-inside-inner-col\"><style>.kadence-column1090_c329cb-fa > .kt-inside-inner-col{display:flex;}.kadence-column1090_c329cb-fa > .kt-inside-inner-col,.kadence-column1090_c329cb-fa > .kt-inside-inner-col:before{border-top-left-radius:0px;border-top-right-radius:0px;border-bottom-right-radius:0px;border-bottom-left-radius:0px;}.kadence-column1090_c329cb-fa > .kt-inside-inner-col{column-gap:var(--global-kb-gap-sm, 1rem);}.kadence-column1090_c329cb-fa > .kt-inside-inner-col{flex-direction:column;align-items:center;}.kadence-column1090_c329cb-fa > .kt-inside-inner-col > .kb-image-is-ratio-size{align-self:stretch;}.kadence-column1090_c329cb-fa > .kt-inside-inner-col > .wp-block-kadence-advancedgallery{align-self:stretch;}.kadence-column1090_c329cb-fa > .kt-inside-inner-col > .aligncenter{width:100%;}.kadence-column1090_c329cb-fa > .kt-inside-inner-col:before{opacity:0.3;}.kadence-column1090_c329cb-fa{position:relative;}@media all and (max-width: 1024px){.kadence-column1090_c329cb-fa > .kt-inside-inner-col{flex-direction:column;justify-content:center;align-items:center;}}@media all and (max-width: 767px){.kadence-column1090_c329cb-fa > .kt-inside-inner-col{flex-direction:column;justify-content:center;align-items:center;}}.kadence-column1090_c329cb-fa { font-weight: 400; font-size: 17px;}<\/style>\n<div class=\"wp-block-kadence-column kadence-column1090_c329cb-fa\"><div class=\"kt-inside-inner-col\">\n<h1 class=\"wp-block-heading\">About Us<\/h1>\n\n\n\n<p>Arsa Go Sp. z o.o. is a Polish company specializing in the production and sale of small household appliances. We create modern kitchen and home appliances, such as air fryers, electric kettles, toasters, steam irons, and garment steamers. Our offerings are aimed at both individual customers and business partners in a B2B model.<\/p>\n\n\n\n<p>As a manufacturer of small household appliances, we combine functionality, safety, and modern design. When designing our appliances, we focus on real user needs \u2013 ease of use, durability, and energy-efficient solutions. This makes Arsa Go products suitable for everyday home use, as well as for retail and wholesale sales.<\/p>\n\n\n\n<p>We sell online through an online store, offering direct access to the manufacturer's product range. We offer business clients wholesale sales of small household appliances, flexible terms of cooperation, attractive prices, and stable deliveries. We work with stores, distributors, and retail chains in Poland and international markets.<\/p>\n\n\n\n<p>Our mission is to provide reliable small household appliances that combine quality craftsmanship with competitive pricing. We prioritize long-term relationships, transparency, and professional service \u2013 from ordering to after-sales support.<\/p>\n<\/div><\/div>\n\n\n<style>.wp-block-kadence-spacer.kt-block-spacer-1090_f87a05-a1 .kt-block-spacer{height:60px;}.wp-block-kadence-spacer.kt-block-spacer-1090_f87a05-a1 .kt-divider{border-top-width:1px;height:1px;border-top-color:#eee;width:80%;border-top-style:solid;}<\/style>\n<div class=\"wp-block-kadence-spacer aligncenter kt-block-spacer-1090_f87a05-a1\"><div class=\"kt-block-spacer kt-block-spacer-halign-center\"><hr class=\"kt-divider\"\/><\/div><\/div>\n<\/div><\/div>","protected":false},"excerpt":{"rendered":"<p>O Nas Arsa Go Sp. z o.o. to polska firma specjalizuj\u0105ca si\u0119 w produkcji oraz sprzeda\u017cy ma\u0142ego AGD. Tworzymy nowoczesne urz\u0105dzenia do kuchni i domu, takie jak airfryery, czajniki elektryczne, opiekacze, \u017celazka parowe oraz parownice do ubra\u0144. Nasza oferta skierowana jest zar\u00f3wno do klient\u00f3w indywidualnych, jak i partner\u00f3w biznesowych w modelu B2B. Jako producent ma\u0142ego&#8230;<\/p>","protected":false},"author":1,"featured_media":0,"parent":0,"menu_order":0,"comment_status":"closed","ping_status":"closed","template":"","meta":{"_kadence_starter_templates_imported_post":true,"_kad_post_transparent":"","_kad_post_title":"hide","_kad_post_layout":"fullwidth","_kad_post_sidebar_id":"","_kad_post_content_style":"unboxed","_kad_post_vertical_padding":"hide","_kad_post_feature":"","_kad_post_feature_position":"","_kad_post_header":false,"_kad_post_footer":false,"_kad_post_classname":"","footnotes":""},"class_list":["post-1090","page","type-page","status-publish","hentry"],"_links":{"self":[{"href":"https:\/\/arsago.pl\/en\/wp-json\/wp\/v2\/pages\/1090","targetHints":{"allow":["GET"]}}],"collection":[{"href":"https:\/\/arsago.pl\/en\/wp-json\/wp\/v2\/pages"}],"about":[{"href":"https:\/\/arsago.pl\/en\/wp-json\/wp\/v2\/types\/page"}],"author":[{"embeddable":true,"href":"https:\/\/arsago.pl\/en\/wp-json\/wp\/v2\/users\/1"}],"replies":[{"embeddable":true,"href":"https:\/\/arsago.pl\/en\/wp-json\/wp\/v2\/comments?post=1090"}],"version-history":[{"count":15,"href":"https:\/\/arsago.pl\/en\/wp-json\/wp\/v2\/pages\/1090\/revisions"}],"predecessor-version":[{"id":2054,"href":"https:\/\/arsago.pl\/en\/wp-json\/wp\/v2\/pages\/1090\/revisions\/2054"}],"wp:attachment":[{"href":"https:\/\/arsago.pl\/en\/wp-json\/wp\/v2\/media?parent=1090"}],"curies":[{"name":"wp","href":"https:\/\/api.w.org\/{rel}","templated":true}]}}