{"id":1369,"date":"2026-01-08T13:39:34","date_gmt":"2026-01-08T12:39:34","guid":{"rendered":"https:\/\/arsago.pl\/?page_id=1369"},"modified":"2026-01-27T12:30:01","modified_gmt":"2026-01-27T11:30:01","slug":"blog","status":"publish","type":"page","link":"https:\/\/arsago.pl\/en\/blog\/","title":{"rendered":"Blog"},"content":{"rendered":"<style>.kb-row-layout-id1369_db676e-68 > .kt-row-column-wrap{align-content:start;}:where(.kb-row-layout-id1369_db676e-68 > .kt-row-column-wrap) > .wp-block-kadence-column{justify-content:start;}.kb-row-layout-id1369_db676e-68 > .kt-row-column-wrap{column-gap:var(--global-kb-gap-md, 2rem);row-gap:var(--global-kb-gap-md, 2rem);padding-top:var(--global-kb-spacing-sm, 1.5rem);padding-bottom:var(--global-kb-spacing-sm, 1.5rem);}.kb-row-layout-id1369_db676e-68 > .kt-row-column-wrap > div:not(.added-for-specificity){grid-column:initial;}.kb-row-layout-id1369_db676e-68 > .kt-row-column-wrap{grid-template-columns:repeat(3, minmax(0, 1fr));}.kb-row-layout-id1369_db676e-68 > .kt-row-layout-overlay{opacity:0.30;}@media all and (max-width: 1024px){.kb-row-layout-id1369_db676e-68 > .kt-row-column-wrap > div:not(.added-for-specificity){grid-column:initial;}}@media all and (max-width: 1024px){.kb-row-layout-id1369_db676e-68 > .kt-row-column-wrap{grid-template-columns:repeat(3, minmax(0, 1fr));}}@media all and (max-width: 767px){.kb-row-layout-id1369_db676e-68 > .kt-row-column-wrap > div:not(.added-for-specificity){grid-column:initial;}.kb-row-layout-id1369_db676e-68 > .kt-row-column-wrap{grid-template-columns:minmax(0, 1fr);}}.kb-row-layout-id1369_db676e-68 {margin-top: -30px;}<\/style><div class=\"kb-row-layout-wrap kb-row-layout-id1369_db676e-68 alignnone wp-block-kadence-rowlayout\"><div class=\"kt-row-column-wrap kt-has-3-columns kt-row-layout-equal kt-tab-layout-inherit kt-mobile-layout-row kt-row-valign-top\">\n<style>.kadence-column1369_84089c-9f > .kt-inside-inner-col{padding-bottom:0px;}.kadence-column1369_84089c-9f > .kt-inside-inner-col,.kadence-column1369_84089c-9f > .kt-inside-inner-col:before{border-top-left-radius:0px;border-top-right-radius:0px;border-bottom-right-radius:0px;border-bottom-left-radius:0px;}.kadence-column1369_84089c-9f > .kt-inside-inner-col{column-gap:var(--global-kb-gap-sm, 1rem);}.kadence-column1369_84089c-9f > .kt-inside-inner-col{flex-direction:column;}.kadence-column1369_84089c-9f > .kt-inside-inner-col > .aligncenter{width:100%;}.kadence-column1369_84089c-9f > .kt-inside-inner-col:before{opacity:0.3;}.kadence-column1369_84089c-9f{position:relative;}.kadence-column1369_84089c-9f, .kt-inside-inner-col > .kadence-column1369_84089c-9f:not(.specificity){margin-bottom:0px;}@media all and (max-width: 1024px){.kadence-column1369_84089c-9f > .kt-inside-inner-col{flex-direction:column;justify-content:center;}}@media all and (max-width: 767px){.kadence-column1369_84089c-9f > .kt-inside-inner-col{flex-direction:column;justify-content:center;}}<\/style>\n<div class=\"wp-block-kadence-column kadence-column1369_84089c-9f\"><div class=\"kt-inside-inner-col\">\n<figure class=\"wp-block-image size-full\"><img loading=\"lazy\" decoding=\"async\" width=\"700\" height=\"400\" src=\"http:\/\/arsago.pl\/wp-content\/uploads\/2026\/01\/airfryer_czyszczenie_1.webp\" alt=\"\" class=\"wp-image-1908\" srcset=\"https:\/\/arsago.pl\/wp-content\/uploads\/2026\/01\/airfryer_czyszczenie_1.webp 700w, https:\/\/arsago.pl\/wp-content\/uploads\/2026\/01\/airfryer_czyszczenie_1-200x114.webp 200w, https:\/\/arsago.pl\/wp-content\/uploads\/2026\/01\/airfryer_czyszczenie_1-300x171.webp 300w, https:\/\/arsago.pl\/wp-content\/uploads\/2026\/01\/airfryer_czyszczenie_1-18x10.webp 18w\" sizes=\"auto, (max-width: 700px) 100vw, 700px\" \/><\/figure>\n\n\n\n<h4 class=\"wp-block-heading\" style=\"margin-top:-12px\">How to clean an airfryer&nbsp;<strong>Claro Uno 8L<\/strong>Step-by-step guide<\/h4>\n\n\n\n<p style=\"margin-top:-5px\">The Airfryer is one of those appliances that quickly becomes a kitchen favorite \u2013 especially if you have a larger model.<\/p>\n\n\n\n<p style=\"margin-top:-25px\"><strong><a href=\"https:\/\/arsago.pl\/en\/blog-2\/\" data-type=\"page\" data-id=\"1853\">Find out more<\/a><\/strong><\/p>\n<\/div><\/div>\n\n\n<style>.kadence-column1369_b70207-91 > .kt-inside-inner-col,.kadence-column1369_b70207-91 > .kt-inside-inner-col:before{border-top-left-radius:0px;border-top-right-radius:0px;border-bottom-right-radius:0px;border-bottom-left-radius:0px;}.kadence-column1369_b70207-91 > .kt-inside-inner-col{column-gap:var(--global-kb-gap-sm, 1rem);}.kadence-column1369_b70207-91 > .kt-inside-inner-col{flex-direction:column;}.kadence-column1369_b70207-91 > .kt-inside-inner-col > .aligncenter{width:100%;}.kadence-column1369_b70207-91 > .kt-inside-inner-col:before{opacity:0.3;}.kadence-column1369_b70207-91{position:relative;}@media all and (max-width: 1024px){.kadence-column1369_b70207-91 > .kt-inside-inner-col{flex-direction:column;justify-content:center;}}@media all and (max-width: 767px){.kadence-column1369_b70207-91 > .kt-inside-inner-col{flex-direction:column;justify-content:center;}}<\/style>\n<div class=\"wp-block-kadence-column kadence-column1369_b70207-91\"><div class=\"kt-inside-inner-col\">\n<figure class=\"wp-block-image size-full\"><img loading=\"lazy\" decoding=\"async\" width=\"700\" height=\"400\" src=\"http:\/\/arsago.pl\/wp-content\/uploads\/2026\/01\/airfryer_przepisy_bbq.webp\" alt=\"\" class=\"wp-image-1916\" srcset=\"https:\/\/arsago.pl\/wp-content\/uploads\/2026\/01\/airfryer_przepisy_bbq.webp 700w, https:\/\/arsago.pl\/wp-content\/uploads\/2026\/01\/airfryer_przepisy_bbq-200x114.webp 200w, https:\/\/arsago.pl\/wp-content\/uploads\/2026\/01\/airfryer_przepisy_bbq-300x171.webp 300w, https:\/\/arsago.pl\/wp-content\/uploads\/2026\/01\/airfryer_przepisy_bbq-18x10.webp 18w\" sizes=\"auto, (max-width: 700px) 100vw, 700px\" \/><\/figure>\n\n\n\n<h4 class=\"wp-block-heading\" style=\"margin-top:-14px\">5 Airfryer Carnival Party Recipes\u2026<\/h4>\n\n\n\n<p style=\"margin-top:-6px\">Carnival is the perfect time for a house party, a get-together with friends or a \"little family party\".<\/p>\n\n\n\n<p class=\"has-text-align-left blog-link\" style=\"margin-top:-24px\"><strong><a href=\"https:\/\/arsago.pl\/en\/blog-3\/\" data-type=\"page\" data-id=\"1853\">Find out more<\/a><\/strong><\/p>\n<\/div><\/div>\n\n\n<style>.kadence-column1369_e38c62-11 > .kt-inside-inner-col,.kadence-column1369_e38c62-11 > .kt-inside-inner-col:before{border-top-left-radius:0px;border-top-right-radius:0px;border-bottom-right-radius:0px;border-bottom-left-radius:0px;}.kadence-column1369_e38c62-11 > .kt-inside-inner-col{column-gap:var(--global-kb-gap-sm, 1rem);}.kadence-column1369_e38c62-11 > .kt-inside-inner-col{flex-direction:column;}.kadence-column1369_e38c62-11 > .kt-inside-inner-col > .aligncenter{width:100%;}.kadence-column1369_e38c62-11 > .kt-inside-inner-col:before{opacity:0.3;}.kadence-column1369_e38c62-11{position:relative;}@media all and (max-width: 1024px){.kadence-column1369_e38c62-11 > .kt-inside-inner-col{flex-direction:column;justify-content:center;}}@media all and (max-width: 767px){.kadence-column1369_e38c62-11 > .kt-inside-inner-col{flex-direction:column;justify-content:center;}}<\/style>\n<div class=\"wp-block-kadence-column kadence-column1369_e38c62-11\"><div class=\"kt-inside-inner-col\"><style>.kb-image1369_47f112-27 .kb-image-has-overlay:after{opacity:0.3;}<\/style>\n<figure class=\"wp-block-kadence-image kb-image1369_47f112-27 size-full\"><img loading=\"lazy\" decoding=\"async\" width=\"700\" height=\"400\" src=\"http:\/\/arsago.pl\/wp-content\/uploads\/2026\/01\/Czajnik-elektryczny-blog_1240.webp\" alt=\"\" class=\"kb-img wp-image-1987\" srcset=\"https:\/\/arsago.pl\/wp-content\/uploads\/2026\/01\/Czajnik-elektryczny-blog_1240.webp 700w, https:\/\/arsago.pl\/wp-content\/uploads\/2026\/01\/Czajnik-elektryczny-blog_1240-200x114.webp 200w, https:\/\/arsago.pl\/wp-content\/uploads\/2026\/01\/Czajnik-elektryczny-blog_1240-300x171.webp 300w, https:\/\/arsago.pl\/wp-content\/uploads\/2026\/01\/Czajnik-elektryczny-blog_1240-18x10.webp 18w\" sizes=\"auto, (max-width: 700px) 100vw, 700px\" \/><\/figure>\n\n\n\n<h4 class=\"wp-block-heading\" style=\"margin-top:-1px\">Electric kettle with temperature control \u2013 the perfect tea<\/h4>\n\n\n\n<p>Modern&nbsp;<strong>electric kettle with temperature control 45\u00b0C, 55\u00b0C, 80\u00b0C and 100\u00b0C<\/strong>&nbsp;it is much more than just an ordinary device.<br><\/p>\n\n\n\n<p class=\"blog-link\" style=\"margin-top:-28px\"><strong><a href=\"https:\/\/arsago.pl\/en\/blog-1\/\" data-type=\"page\" data-id=\"1855\">Find out more<\/a><\/strong><\/p>\n<\/div><\/div>\n\n<\/div><\/div>\n\n\n<p><\/p>","protected":false},"excerpt":{"rendered":"<p>Jak czy\u015bci\u0107 airfryer&nbsp;Claro Uno 8L? Poradnik krok po kroku Airfryer to jedno z tych urz\u0105dze\u0144, kt\u00f3re szybko staje si\u0119 ulubie\u0144cem w kuchni \u2014 szczeg\u00f3lnie gdy masz wi\u0119kszy model. Dowiedz si\u0119 wi\u0119cej 5 przepis\u00f3w na imprez\u0119 karnawa\u0142ow\u0105 z airfryera&#8230; Karnawa\u0142 to idealny moment na dom\u00f3wk\u0119, spotkanie ze znajomymi albo rodzinne \u201ema\u0142e przyj\u0119cie\u201d. Dowiedz si\u0119 wi\u0119cej Czajnik&#8230;<\/p>","protected":false},"author":1,"featured_media":0,"parent":0,"menu_order":0,"comment_status":"closed","ping_status":"closed","template":"","meta":{"_kadence_starter_templates_imported_post":false,"_kad_post_transparent":"","_kad_post_title":"","_kad_post_layout":"","_kad_post_sidebar_id":"","_kad_post_content_style":"","_kad_post_vertical_padding":"","_kad_post_feature":"","_kad_post_feature_position":"","_kad_post_header":false,"_kad_post_footer":false,"_kad_post_classname":"","footnotes":""},"class_list":["post-1369","page","type-page","status-publish","hentry"],"_links":{"self":[{"href":"https:\/\/arsago.pl\/en\/wp-json\/wp\/v2\/pages\/1369","targetHints":{"allow":["GET"]}}],"collection":[{"href":"https:\/\/arsago.pl\/en\/wp-json\/wp\/v2\/pages"}],"about":[{"href":"https:\/\/arsago.pl\/en\/wp-json\/wp\/v2\/types\/page"}],"author":[{"embeddable":true,"href":"https:\/\/arsago.pl\/en\/wp-json\/wp\/v2\/users\/1"}],"replies":[{"embeddable":true,"href":"https:\/\/arsago.pl\/en\/wp-json\/wp\/v2\/comments?post=1369"}],"version-history":[{"count":74,"href":"https:\/\/arsago.pl\/en\/wp-json\/wp\/v2\/pages\/1369\/revisions"}],"predecessor-version":[{"id":2340,"href":"https:\/\/arsago.pl\/en\/wp-json\/wp\/v2\/pages\/1369\/revisions\/2340"}],"wp:attachment":[{"href":"https:\/\/arsago.pl\/en\/wp-json\/wp\/v2\/media?parent=1369"}],"curies":[{"name":"wp","href":"https:\/\/api.w.org\/{rel}","templated":true}]}}