{"id":1505,"date":"2026-01-12T10:38:21","date_gmt":"2026-01-12T09:38:21","guid":{"rendered":"https:\/\/arsago.pl\/?page_id=1505"},"modified":"2026-02-05T11:06:25","modified_gmt":"2026-02-05T10:06:25","slug":"b2b","status":"publish","type":"page","link":"https:\/\/arsago.pl\/en\/b2b\/","title":{"rendered":"b2b"},"content":{"rendered":"<style>.kadence-column1505_14a8d7-4b > .kt-inside-inner-col{display:flex;}.kadence-column1505_14a8d7-4b{max-width:100%;margin-left:auto;margin-right:auto;}.wp-block-kadence-column.kb-section-dir-horizontal:not(.kb-section-md-dir-vertical)>.kt-inside-inner-col>.kadence-column1505_14a8d7-4b{-webkit-flex:0 1 100%;flex:0 1 100%;max-width:unset;margin-left:unset;margin-right:unset;}.kadence-column1505_14a8d7-4b > .kt-inside-inner-col,.kadence-column1505_14a8d7-4b > .kt-inside-inner-col:before{border-top-left-radius:0px;border-top-right-radius:0px;border-bottom-right-radius:0px;border-bottom-left-radius:0px;}.kadence-column1505_14a8d7-4b > .kt-inside-inner-col{column-gap:var(--global-kb-gap-sm, 1rem);}.kadence-column1505_14a8d7-4b > .kt-inside-inner-col{flex-direction:column;align-items:center;}.kadence-column1505_14a8d7-4b > .kt-inside-inner-col > .kb-image-is-ratio-size{align-self:stretch;}.kadence-column1505_14a8d7-4b > .kt-inside-inner-col > .wp-block-kadence-advancedgallery{align-self:stretch;}.kadence-column1505_14a8d7-4b > .kt-inside-inner-col > .aligncenter{width:100%;}.kadence-column1505_14a8d7-4b > .kt-inside-inner-col:before{opacity:0.3;}.kadence-column1505_14a8d7-4b{position:relative;}.kadence-column1505_14a8d7-4b, .kt-inside-inner-col > .kadence-column1505_14a8d7-4b:not(.specificity){margin-top:-80px;margin-bottom:10px;}@media all and (min-width: 1025px){.wp-block-kadence-column.kb-section-dir-horizontal>.kt-inside-inner-col>.kadence-column1505_14a8d7-4b{-webkit-flex:0 1 100%;flex:0 1 100%;max-width:unset;margin-left:unset;margin-right:unset;}}@media all and (max-width: 1024px){.kadence-column1505_14a8d7-4b{max-width:100%;}}@media all and (max-width: 1024px){.wp-block-kadence-column.kb-section-dir-horizontal:not(.kb-section-md-dir-vertical)>.kt-inside-inner-col>.kadence-column1505_14a8d7-4b{-webkit-flex:0 1 100%;flex:0 1 100%;}}@media all and (max-width: 1024px){.kadence-column1505_14a8d7-4b > .kt-inside-inner-col{flex-direction:column;justify-content:center;align-items:center;}}@media all and (max-width: 1024px){.kadence-column1505_14a8d7-4b, .kt-inside-inner-col > .kadence-column1505_14a8d7-4b:not(.specificity){margin-top:0px;}}@media all and (min-width: 768px) and (max-width: 1024px){.wp-block-kadence-column.kb-section-dir-horizontal>.kt-inside-inner-col>.kadence-column1505_14a8d7-4b{-webkit-flex:0 1 100%;flex:0 1 100%;max-width:unset;margin-left:unset;margin-right:unset;}}@media all and (max-width: 767px){.kadence-column1505_14a8d7-4b{max-width:1240%;margin-left:auto;margin-right:auto;}.wp-block-kadence-column.kb-section-sm-dir-vertical:not(.kb-section-sm-dir-horizontal):not(.kb-section-sm-dir-specificity)>.kt-inside-inner-col>.kadence-column1505_14a8d7-4b{-webkit-flex:0 1 1240%;flex:0 1 1240%;}.wp-block-kadence-column>.kt-inside-inner-col>.kadence-column1505_14a8d7-4b{-webkit-flex:1 1240%;flex:1 1240%;}.wp-block-kadence-column.kb-section-sm-dir-horizontal>.kt-inside-inner-col>.kadence-column1505_14a8d7-4b, .wp-block-kadence-column.kb-section-dir-horizontal:not(.kb-section-sm-dir-vertical):not(.kb-section-md-dir-vertical) >.kt-inside-inner-col>.kadence-column1505_14a8d7-4b{-webkit-flex:0 1 1240%;flex:0 1 1240%;max-width:unset;margin-left:unset;margin-right:unset;}.kadence-column1505_14a8d7-4b > .kt-inside-inner-col{flex-direction:column;justify-content:center;align-items:stretch;}.kadence-column1505_14a8d7-4b, .kt-inside-inner-col > .kadence-column1505_14a8d7-4b:not(.specificity){margin-top:0px;}}.kadence-column1505_14a8d7-4b {}<\/style>\n<div class=\"wp-block-kadence-column kadence-column1505_14a8d7-4b\"><div class=\"kt-inside-inner-col\">\n<figure class=\"wp-block-image size-large is-resized\"><img loading=\"lazy\" decoding=\"async\" width=\"1024\" height=\"303\" src=\"http:\/\/arsago.pl\/wp-content\/uploads\/2026\/01\/AG_header-\u2014-Odzyskano.psb_B2B_1150x340-1024x303.webp\" alt=\"\" class=\"wp-image-2037\" style=\"width:1240px\" srcset=\"https:\/\/arsago.pl\/wp-content\/uploads\/2026\/01\/AG_header-\u2014-Odzyskano.psb_B2B_1150x340-1024x303.webp 1024w, https:\/\/arsago.pl\/wp-content\/uploads\/2026\/01\/AG_header-\u2014-Odzyskano.psb_B2B_1150x340-800x237.webp 800w, https:\/\/arsago.pl\/wp-content\/uploads\/2026\/01\/AG_header-\u2014-Odzyskano.psb_B2B_1150x340-700x207.webp 700w, https:\/\/arsago.pl\/wp-content\/uploads\/2026\/01\/AG_header-\u2014-Odzyskano.psb_B2B_1150x340-300x89.webp 300w, https:\/\/arsago.pl\/wp-content\/uploads\/2026\/01\/AG_header-\u2014-Odzyskano.psb_B2B_1150x340-768x227.webp 768w, https:\/\/arsago.pl\/wp-content\/uploads\/2026\/01\/AG_header-\u2014-Odzyskano.psb_B2B_1150x340-18x5.webp 18w, https:\/\/arsago.pl\/wp-content\/uploads\/2026\/01\/AG_header-\u2014-Odzyskano.psb_B2B_1150x340.webp 1150w\" sizes=\"auto, (max-width: 1024px) 100vw, 1024px\" \/><\/figure>\n<\/div><\/div>\n\n\n<style>.kadence-column1505_f80085-64{max-width:1233px;margin-left:auto;margin-right:auto;}.wp-block-kadence-column.kb-section-dir-horizontal:not(.kb-section-md-dir-vertical)>.kt-inside-inner-col>.kadence-column1505_f80085-64{-webkit-flex:0 1 1233px;flex:0 1 1233px;max-width:unset;margin-left:unset;margin-right:unset;}.kadence-column1505_f80085-64 > .kt-inside-inner-col,.kadence-column1505_f80085-64 > .kt-inside-inner-col:before{border-top-left-radius:0px;border-top-right-radius:0px;border-bottom-right-radius:0px;border-bottom-left-radius:0px;}.kadence-column1505_f80085-64 > .kt-inside-inner-col{column-gap:var(--global-kb-gap-sm, 1rem);}.kadence-column1505_f80085-64 > .kt-inside-inner-col{flex-direction:column;}.kadence-column1505_f80085-64 > .kt-inside-inner-col > .aligncenter{width:100%;}.kadence-column1505_f80085-64 > .kt-inside-inner-col:before{opacity:0.3;}.kadence-column1505_f80085-64{position:relative;}.kadence-column1505_f80085-64, .kt-inside-inner-col > .kadence-column1505_f80085-64:not(.specificity){margin-bottom:var(--global-kb-spacing-sm, 1.5rem);}@media all and (min-width: 1025px){.wp-block-kadence-column.kb-section-dir-horizontal>.kt-inside-inner-col>.kadence-column1505_f80085-64{-webkit-flex:0 1 1233px;flex:0 1 1233px;max-width:unset;margin-left:unset;margin-right:unset;}}@media all and (max-width: 1024px){.kadence-column1505_f80085-64 > .kt-inside-inner-col{flex-direction:column;justify-content:center;}}@media all and (max-width: 767px){.wp-block-kadence-column.kb-section-sm-dir-vertical:not(.kb-section-sm-dir-horizontal):not(.kb-section-sm-dir-specificity)>.kt-inside-inner-col>.kadence-column1505_f80085-64{max-width:1233px;-webkit-flex:1;flex:1;margin-left:auto;margin-right:auto;}.kadence-column1505_f80085-64 > .kt-inside-inner-col{flex-direction:column;justify-content:center;}}<\/style>\n<div class=\"wp-block-kadence-column kadence-column1505_f80085-64\"><div class=\"kt-inside-inner-col\">\n<p>Arsa Go offers B2B wholesale cooperation for stores, trading companies, and distributors. As a manufacturer, we ensure stable deliveries, flexible ordering terms, and a personalized approach to business partners. Our wholesale offer is aimed at companies in Poland and abroad.<\/p>\n\n\n\n<p>Contact us and get access to our B2B offer<\/p>\n\n\n\n<p><\/p>\n\n\n\n<div class=\"wpcf7 no-js\" id=\"wpcf7-f2635-o1\" lang=\"pl-PL\" dir=\"ltr\" data-wpcf7-id=\"2635\">\n<div class=\"screen-reader-response\"><p role=\"status\" aria-live=\"polite\" aria-atomic=\"true\"><\/p> <ul><\/ul><\/div>\n<form action=\"\/en\/wp-json\/wp\/v2\/pages\/1505#wpcf7-f2635-o1\" method=\"post\" class=\"wpcf7-form init\" aria-label=\"Formularz kontaktowy\" novalidate=\"novalidate\" data-status=\"init\" data-trp-original-action=\"\/en\/wp-json\/wp\/v2\/pages\/1505#wpcf7-f2635-o1\">\n<fieldset class=\"hidden-fields-container\"><input type=\"hidden\" name=\"_wpcf7\" value=\"2635\" \/><input type=\"hidden\" name=\"_wpcf7_version\" value=\"6.1.5\" \/><input type=\"hidden\" name=\"_wpcf7_locale\" value=\"pl_PL\" \/><input type=\"hidden\" name=\"_wpcf7_unit_tag\" value=\"wpcf7-f2635-o1\" \/><input type=\"hidden\" name=\"_wpcf7_container_post\" value=\"0\" \/><input type=\"hidden\" name=\"_wpcf7_posted_data_hash\" value=\"\" \/>\n<\/fieldset>\n<p><label> Twoje imi\u0119 i nazwisko<br \/>\n<span class=\"wpcf7-form-control-wrap\" data-name=\"your-name\"><input size=\"40\" maxlength=\"400\" class=\"wpcf7-form-control wpcf7-text\" autocomplete=\"name\" aria-invalid=\"false\" value=\"\" type=\"text\" name=\"your-name\" \/><\/span> <\/label>\n<\/p>\n<p><label> Tw\u00f3j adres e-mail<br \/>\n<span class=\"wpcf7-form-control-wrap\" data-name=\"your-email\"><input size=\"40\" maxlength=\"400\" class=\"wpcf7-form-control wpcf7-email wpcf7-validates-as-required wpcf7-text wpcf7-validates-as-email\" autocomplete=\"email\" aria-required=\"true\" aria-invalid=\"false\" value=\"\" type=\"email\" name=\"your-email\" \/><\/span> <\/label>\n<\/p>\n<p><label> Temat<br \/>\n<span class=\"wpcf7-form-control-wrap\" data-name=\"your-subject\"><input size=\"40\" maxlength=\"400\" class=\"wpcf7-form-control wpcf7-text wpcf7-validates-as-required\" aria-required=\"true\" aria-invalid=\"false\" value=\"\" type=\"text\" name=\"your-subject\" \/><\/span> <\/label>\n<\/p>\n<p><label> Your message<br \/>\n<span class=\"wpcf7-form-control-wrap\" data-name=\"your-message\"><textarea cols=\"40\" rows=\"10\" maxlength=\"2000\" class=\"wpcf7-form-control wpcf7-textarea wpcf7-validates-as-required\" aria-required=\"true\" aria-invalid=\"false\" name=\"your-message\"><\/textarea><\/span> <\/label>\n<\/p>\n<p><input class=\"wpcf7-form-control wpcf7-submit has-spinner\" type=\"submit\" value=\"Send\" \/>\n<\/p><div class=\"wpcf7-response-output\" aria-hidden=\"true\"><\/div>\n<input type=\"hidden\" name=\"trp-form-language\" value=\"en\"\/><\/form>\n<\/div>\n\n<\/div><\/div>","protected":false},"excerpt":{"rendered":"<p>Arsa Go oferuje wsp\u00f3\u0142prac\u0119 B2B w modelu hurtowym dla sklep\u00f3w, firm handlowych i dystrybutor\u00f3w. Jako producent zapewniamy stabilne dostawy, elastyczne warunki zam\u00f3wie\u0144 oraz indywidualne podej\u015bcie do partner\u00f3w biznesowych. Nasza oferta hurtowa skierowana jest do firm z Polski i zagranicy. Skontaktuj si\u0119 z nami i otrzymaj dost\u0119p do oferty B2B<\/p>","protected":false},"author":1,"featured_media":0,"parent":0,"menu_order":0,"comment_status":"closed","ping_status":"closed","template":"","meta":{"_kadence_starter_templates_imported_post":false,"_kad_post_transparent":"","_kad_post_title":"","_kad_post_layout":"","_kad_post_sidebar_id":"","_kad_post_content_style":"","_kad_post_vertical_padding":"","_kad_post_feature":"","_kad_post_feature_position":"","_kad_post_header":false,"_kad_post_footer":false,"_kad_post_classname":"","footnotes":""},"class_list":["post-1505","page","type-page","status-publish","hentry"],"_links":{"self":[{"href":"https:\/\/arsago.pl\/en\/wp-json\/wp\/v2\/pages\/1505","targetHints":{"allow":["GET"]}}],"collection":[{"href":"https:\/\/arsago.pl\/en\/wp-json\/wp\/v2\/pages"}],"about":[{"href":"https:\/\/arsago.pl\/en\/wp-json\/wp\/v2\/types\/page"}],"author":[{"embeddable":true,"href":"https:\/\/arsago.pl\/en\/wp-json\/wp\/v2\/users\/1"}],"replies":[{"embeddable":true,"href":"https:\/\/arsago.pl\/en\/wp-json\/wp\/v2\/comments?post=1505"}],"version-history":[{"count":40,"href":"https:\/\/arsago.pl\/en\/wp-json\/wp\/v2\/pages\/1505\/revisions"}],"predecessor-version":[{"id":2637,"href":"https:\/\/arsago.pl\/en\/wp-json\/wp\/v2\/pages\/1505\/revisions\/2637"}],"wp:attachment":[{"href":"https:\/\/arsago.pl\/en\/wp-json\/wp\/v2\/media?parent=1505"}],"curies":[{"name":"wp","href":"https:\/\/api.w.org\/{rel}","templated":true}]}}